{"id":2,"date":"2025-08-22T05:23:21","date_gmt":"2025-08-22T05:23:21","guid":{"rendered":"https:\/\/prizila.com.br\/?page_id=2"},"modified":"2025-08-27T16:56:28","modified_gmt":"2025-08-27T19:56:28","slug":"sample-page","status":"publish","type":"page","link":"https:\/\/prizila.com.br\/?page_id=2","title":{"rendered":"Bibliografia"},"content":{"rendered":"\n<div class=\"wp-block-columns is-layout-flex wp-container-core-columns-is-layout-28f84493 wp-block-columns-is-layout-flex\">\n<div class=\"wp-block-column is-layout-flow wp-block-column-is-layout-flow\" style=\"flex-basis:100%\">\n<div class=\"wp-block-group is-nowrap is-layout-flex wp-container-core-group-is-layout-6c531013 wp-block-group-is-layout-flex\">\n<figure class=\"wp-block-image size-full is-resized\"><img loading=\"lazy\" decoding=\"async\" width=\"900\" height=\"900\" src=\"https:\/\/prizila.com.br\/wp-content\/uploads\/2025\/08\/Foto-de-perfil-@Prizila.jpg\" alt=\"\" class=\"wp-image-100\" style=\"aspect-ratio:1;object-fit:cover;width:200px\" srcset=\"https:\/\/prizila.com.br\/wp-content\/uploads\/2025\/08\/Foto-de-perfil-@Prizila.jpg 900w, https:\/\/prizila.com.br\/wp-content\/uploads\/2025\/08\/Foto-de-perfil-@Prizila-300x300.jpg 300w, https:\/\/prizila.com.br\/wp-content\/uploads\/2025\/08\/Foto-de-perfil-@Prizila-150x150.jpg 150w, https:\/\/prizila.com.br\/wp-content\/uploads\/2025\/08\/Foto-de-perfil-@Prizila-768x768.jpg 768w\" sizes=\"auto, (max-width: 900px) 100vw, 900px\" \/><\/figure>\n\n\n\n<p>Priscila Designe  (sim, Designe \u00e9 meu sobrenome) | Artes Visuais<\/p>\n<\/div>\n<\/div>\n<\/div>\n\n\n\n<p>Minha pr\u00e1tica art\u00edstica nasce de uma inquieta\u00e7\u00e3o diante do mundo fren\u00e9tico e ca\u00f3tico, onde tudo segue uma agenda de hor\u00e1rios, compromissos, desempenhos e resultados.<br><br><\/p>\n\n\n\n<figure class=\"wp-block-image size-full\"><img loading=\"lazy\" decoding=\"async\" width=\"900\" height=\"900\" src=\"https:\/\/prizila.com.br\/wp-content\/uploads\/2025\/08\/OBRA-3-VERDE-QUADRADO-70X70-5-edited.jpg\" alt=\"PRISCILA DESIGNE\nSEM T\u00cdTULO\n2023\n\u00d3LEO SOBRE TELA\n73 x 73 x 4 cm\" class=\"wp-image-107\" srcset=\"https:\/\/prizila.com.br\/wp-content\/uploads\/2025\/08\/OBRA-3-VERDE-QUADRADO-70X70-5-edited.jpg 900w, https:\/\/prizila.com.br\/wp-content\/uploads\/2025\/08\/OBRA-3-VERDE-QUADRADO-70X70-5-edited-300x300.jpg 300w, https:\/\/prizila.com.br\/wp-content\/uploads\/2025\/08\/OBRA-3-VERDE-QUADRADO-70X70-5-edited-150x150.jpg 150w, https:\/\/prizila.com.br\/wp-content\/uploads\/2025\/08\/OBRA-3-VERDE-QUADRADO-70X70-5-edited-768x768.jpg 768w\" sizes=\"auto, (max-width: 900px) 100vw, 900px\" \/><figcaption class=\"wp-element-caption\">PRISCILA DESIGNE<br>SEM T\u00cdTULO<br>2023<br>\u00d3LEO SOBRE TELA<br>73 x 73 x 4 cm<\/figcaption><\/figure>\n\n\n\n<p>Quando estou pintando, meu mundo externo parece parar para que eu escute o que meu mundo interno quer me dizer. Sinto que as cores e suas intera\u00e7\u00f5es, camadas, texturas e formas se mesclam com as pinceladas e espatuladas e surgem como instrumentos para revelar camadas invis\u00edveis da minha experi\u00eancia humana e exist\u00eancia na Terra. <br><\/p>\n\n\n\n<p>Desde 1996, tenho uma grande curiosidade pelo ramo das pinturas a \u00f3leo sobre tela, comecei a estudar a pintura e percebi que era algo que me fazia muito bem, me transmitia muita paz e serenidade.<\/p>\n\n\n\n<p>De 2015 para c\u00e1, venho me profissionalizando na arte e explorando novas possibilidades da pintura e diversas t\u00e9cnicas, busco criar uma obra que visa registrar meus momentos internos e tamb\u00e9m convidar quem observa a um encontro com si pr\u00f3prio que seja profundo e singular.<\/p>\n\n\n\n<p><br>Em 2020 abri meu primeiro ateli\u00ea em uma sala alugada em conjunto com outra pessoa, e em Julho de 2025, ap\u00f3s uma reforma, estou em um espa\u00e7o dedicado ao ateli\u00ea, uma sala maior, em um segundo endere\u00e7o no mesmo edif\u00edcio comercial.<\/p>\n\n\n\n<figure class=\"wp-block-image size-full is-resized\"><img loading=\"lazy\" decoding=\"async\" width=\"900\" height=\"827\" src=\"https:\/\/prizila.com.br\/wp-content\/uploads\/2025\/08\/IMG_2276-1.jpg\" alt=\"\" class=\"wp-image-77\" style=\"width:500px\" srcset=\"https:\/\/prizila.com.br\/wp-content\/uploads\/2025\/08\/IMG_2276-1.jpg 900w, https:\/\/prizila.com.br\/wp-content\/uploads\/2025\/08\/IMG_2276-1-300x276.jpg 300w, https:\/\/prizila.com.br\/wp-content\/uploads\/2025\/08\/IMG_2276-1-768x706.jpg 768w\" sizes=\"auto, (max-width: 900px) 100vw, 900px\" \/><figcaption class=\"wp-element-caption\">Ateli\u00ea da artista<\/figcaption><\/figure>\n\n\n\n<p>Fundadora do extinto coletivo Esquina 414, acredito na for\u00e7a do coletivo e das trocas de conhecimento entre artistas, suas inquieta\u00e7\u00f5es, id\u00e9ias e obst\u00e1culos como um trampolim para renova\u00e7\u00e3o criativa e do di\u00e1logo entre artistas. <\/p>\n\n\n\n<p>No meu trabalho art\u00edstico fa\u00e7o um exerc\u00edcio cont\u00ednuo de reflex\u00e3o e sensibilidade, busco ter autenticidade inclusive com meus sentimentos para abrir novos caminhos na imagem e agu\u00e7ar os sentidos. Seja pela mistura das cores, ou pelo uso de dilui\u00e7\u00f5es intercaladas com as grossas camadas de tintas. <\/p>\n\n\n\n<blockquote class=\"wp-block-quote is-style-default has-contrast-color has-accent-5-background-color has-text-color has-background has-link-color wp-elements-c8daa44b9b72fa51f79263e1e78bbccc is-layout-flow wp-block-quote-is-layout-flow\" style=\"border-width:1px;border-radius:100px\">\n<p><em><mark style=\"background-color:rgba(0, 0, 0, 0)\" class=\"has-inline-color has-contrast-color\">&#8220;<strong>Enquanto crio, o mundo ao meu redor se silencia, permitindo que meu interior se manifeste por meio das cores, tintas e gestos \u2014 \u00e9 sempre um di\u00e1logo interno entre minha alma e a tela.&#8221; \u2014 Priscila Designe<\/strong><\/mark><\/em><\/p>\n<\/blockquote>\n\n\n\n<p>Geralmente as obras s\u00e3o mais gestuais e raramente contidas em uma tela, deixando ao expectador a inc\u00f3gnita de como seria se aquela tela fosse maior.<\/p>\n\n\n\n<blockquote class=\"wp-block-quote is-layout-flow wp-block-quote-is-layout-flow\">\n<p><\/p>\n<\/blockquote>\n\n\n\n<figure class=\"wp-block-gallery has-nested-images columns-default is-cropped wp-block-gallery-1 is-layout-flex wp-block-gallery-is-layout-flex\">\n<figure class=\"wp-block-image size-large\"><img loading=\"lazy\" decoding=\"async\" width=\"819\" height=\"1024\" data-id=\"20\" src=\"https:\/\/prizila.com.br\/wp-content\/uploads\/2025\/08\/PRISCILA-DESIGNE-Titulo-SEM-TITULO-Tecnica-OLEO-SOBRE-TELA-Medidas-100-x-80x-4-cm-alt-x-larg-x-prof-Ano-20202021-3-819x1024.jpg\" alt=\"\" class=\"wp-image-20\" srcset=\"https:\/\/prizila.com.br\/wp-content\/uploads\/2025\/08\/PRISCILA-DESIGNE-Titulo-SEM-TITULO-Tecnica-OLEO-SOBRE-TELA-Medidas-100-x-80x-4-cm-alt-x-larg-x-prof-Ano-20202021-3-819x1024.jpg 819w, https:\/\/prizila.com.br\/wp-content\/uploads\/2025\/08\/PRISCILA-DESIGNE-Titulo-SEM-TITULO-Tecnica-OLEO-SOBRE-TELA-Medidas-100-x-80x-4-cm-alt-x-larg-x-prof-Ano-20202021-3-240x300.jpg 240w, https:\/\/prizila.com.br\/wp-content\/uploads\/2025\/08\/PRISCILA-DESIGNE-Titulo-SEM-TITULO-Tecnica-OLEO-SOBRE-TELA-Medidas-100-x-80x-4-cm-alt-x-larg-x-prof-Ano-20202021-3-768x960.jpg 768w, https:\/\/prizila.com.br\/wp-content\/uploads\/2025\/08\/PRISCILA-DESIGNE-Titulo-SEM-TITULO-Tecnica-OLEO-SOBRE-TELA-Medidas-100-x-80x-4-cm-alt-x-larg-x-prof-Ano-20202021-3.jpg 900w\" sizes=\"auto, (max-width: 819px) 100vw, 819px\" \/><figcaption class=\"wp-element-caption\">PRISCILA DESIGNE<br>SEM T\u00cdTULO<br>2020 \/ 2021 \u00d3LEO SOBRE TELA<br>100 x 80 x 4 cm<\/figcaption><\/figure>\n\n\n\n<figure class=\"wp-block-image size-large\"><img loading=\"lazy\" decoding=\"async\" width=\"900\" height=\"900\" data-id=\"21\" src=\"https:\/\/prizila.com.br\/wp-content\/uploads\/2025\/08\/Sem-Titulo-30x30x2-preto-3.jpg\" alt=\"\" class=\"wp-image-21\" srcset=\"https:\/\/prizila.com.br\/wp-content\/uploads\/2025\/08\/Sem-Titulo-30x30x2-preto-3.jpg 900w, https:\/\/prizila.com.br\/wp-content\/uploads\/2025\/08\/Sem-Titulo-30x30x2-preto-3-300x300.jpg 300w, https:\/\/prizila.com.br\/wp-content\/uploads\/2025\/08\/Sem-Titulo-30x30x2-preto-3-150x150.jpg 150w, https:\/\/prizila.com.br\/wp-content\/uploads\/2025\/08\/Sem-Titulo-30x30x2-preto-3-768x768.jpg 768w\" sizes=\"auto, (max-width: 900px) 100vw, 900px\" \/><figcaption class=\"wp-element-caption\">PRISCILA DESIGNE<br>SEM T\u00cdTULO<br>2024<br>\u00d3LEO SOBRE TELA<br>30 x 30 x 2 cm<\/figcaption><\/figure>\n\n\n\n<figure class=\"wp-block-image size-large\"><img loading=\"lazy\" decoding=\"async\" width=\"900\" height=\"900\" data-id=\"18\" src=\"https:\/\/prizila.com.br\/wp-content\/uploads\/2025\/08\/Sem-Titulo-30x30x4-3.jpg\" alt=\"\" class=\"wp-image-18\" srcset=\"https:\/\/prizila.com.br\/wp-content\/uploads\/2025\/08\/Sem-Titulo-30x30x4-3.jpg 900w, https:\/\/prizila.com.br\/wp-content\/uploads\/2025\/08\/Sem-Titulo-30x30x4-3-300x300.jpg 300w, https:\/\/prizila.com.br\/wp-content\/uploads\/2025\/08\/Sem-Titulo-30x30x4-3-150x150.jpg 150w, https:\/\/prizila.com.br\/wp-content\/uploads\/2025\/08\/Sem-Titulo-30x30x4-3-768x768.jpg 768w\" sizes=\"auto, (max-width: 900px) 100vw, 900px\" \/><figcaption class=\"wp-element-caption\">PRISCILA DESIGNE<br>SEM T\u00cdTULO<br>2024<br>\u00d3LEO SOBRE TELA<br>30 x 30 x 4 cm<\/figcaption><\/figure>\n\n\n\n<figure class=\"wp-block-image size-large\"><img loading=\"lazy\" decoding=\"async\" width=\"900\" height=\"629\" data-id=\"17\" src=\"https:\/\/prizila.com.br\/wp-content\/uploads\/2025\/08\/Sem-Titulo-100x70x4-Roxos-2.jpg\" alt=\"\" class=\"wp-image-17\" srcset=\"https:\/\/prizila.com.br\/wp-content\/uploads\/2025\/08\/Sem-Titulo-100x70x4-Roxos-2.jpg 900w, https:\/\/prizila.com.br\/wp-content\/uploads\/2025\/08\/Sem-Titulo-100x70x4-Roxos-2-300x210.jpg 300w, https:\/\/prizila.com.br\/wp-content\/uploads\/2025\/08\/Sem-Titulo-100x70x4-Roxos-2-768x537.jpg 768w\" sizes=\"auto, (max-width: 900px) 100vw, 900px\" \/><figcaption class=\"wp-element-caption\">PRISCILA DESIGNE<br>SEM T\u00cdTULO<br>2024<br>\u00d3LEO SOBRE TELA<br>70 x 100 x 4 cm<\/figcaption><\/figure>\n<\/figure>\n\n\n\n<div class=\"wp-block-columns is-layout-flex wp-container-core-columns-is-layout-28f84493 wp-block-columns-is-layout-flex\">\n<div class=\"wp-block-column has-global-padding is-layout-constrained wp-block-column-is-layout-constrained\"><\/div>\n\n\n\n<div class=\"wp-block-column has-global-padding is-layout-constrained wp-block-column-is-layout-constrained\"><\/div>\n<\/div>\n\n\n\n<p><\/p>\n","protected":false},"excerpt":{"rendered":"<p>Priscila Designe (sim, Designe \u00e9 meu sobrenome) | Artes Visuais Minha pr\u00e1tica art\u00edstica nasce de uma inquieta\u00e7\u00e3o diante do mundo fren\u00e9tico e ca\u00f3tico, onde tudo segue uma agenda de hor\u00e1rios, compromissos, desempenhos e resultados. Quando estou pintando, meu mundo externo parece parar para que eu escute o que meu mundo interno quer me dizer. Sinto [&hellip;]<\/p>\n","protected":false},"author":1,"featured_media":0,"parent":0,"menu_order":0,"comment_status":"closed","ping_status":"open","template":"","meta":{"footnotes":""},"class_list":["post-2","page","type-page","status-publish","hentry"],"_links":{"self":[{"href":"https:\/\/prizila.com.br\/index.php?rest_route=\/wp\/v2\/pages\/2","targetHints":{"allow":["GET"]}}],"collection":[{"href":"https:\/\/prizila.com.br\/index.php?rest_route=\/wp\/v2\/pages"}],"about":[{"href":"https:\/\/prizila.com.br\/index.php?rest_route=\/wp\/v2\/types\/page"}],"author":[{"embeddable":true,"href":"https:\/\/prizila.com.br\/index.php?rest_route=\/wp\/v2\/users\/1"}],"replies":[{"embeddable":true,"href":"https:\/\/prizila.com.br\/index.php?rest_route=%2Fwp%2Fv2%2Fcomments&post=2"}],"version-history":[{"count":15,"href":"https:\/\/prizila.com.br\/index.php?rest_route=\/wp\/v2\/pages\/2\/revisions"}],"predecessor-version":[{"id":175,"href":"https:\/\/prizila.com.br\/index.php?rest_route=\/wp\/v2\/pages\/2\/revisions\/175"}],"wp:attachment":[{"href":"https:\/\/prizila.com.br\/index.php?rest_route=%2Fwp%2Fv2%2Fmedia&parent=2"}],"curies":[{"name":"wp","href":"https:\/\/api.w.org\/{rel}","templated":true}]}}