{"id":36,"date":"2025-08-22T17:50:21","date_gmt":"2025-08-22T17:50:21","guid":{"rendered":"https:\/\/prizila.com.br\/?page_id=36"},"modified":"2025-08-22T21:24:20","modified_gmt":"2025-08-23T00:24:20","slug":"artes-visuais","status":"publish","type":"page","link":"https:\/\/prizila.com.br\/?page_id=36","title":{"rendered":"Artes visuais"},"content":{"rendered":"\n<p class=\"has-text-align-left\">A arte sempre fez parte da minha vida. Iniciei na pintura a \u00f3leo sobre tela em 1996, e com o passar dos anos adquiri mais gosto pelas artes. Em 2015 resolvi me profissionalizar, trabalhando com \u00f3leo sobre tela e aquarela, mas tamb\u00e9m gosto de experimentar outras t\u00e9cnicas, como gravura e serigrafia. <\/p>\n\n\n\n<p class=\"has-text-align-left\">Minha inspira\u00e7\u00e3o nasce da natureza \u2014 das plantas, das flores e de suas cores vibrantes.<\/p>\n\n\n\n<p class=\"has-text-align-left\"> Observo a beleza e a diversidade natural que florescem a cada dia, mesmo em meio \u00e0 rotina acelerada da vida urbana. A natureza, com seu ritmo pr\u00f3prio e equil\u00edbrio, me recorda a import\u00e2ncia de encontrar um tempo para a harmonia em meio ao movimento constante da cidade, e tamb\u00e9m da necessidade de observar esses ciclos naturais. <\/p>\n\n\n\n<figure class=\"wp-block-image size-full\"><img loading=\"lazy\" decoding=\"async\" width=\"900\" height=\"397\" src=\"https:\/\/prizila.com.br\/wp-content\/uploads\/2025\/08\/BCA2FFAE-4F1A-41C4-BAC1-F53F9541EEEA.jpg\" alt=\"\" class=\"wp-image-114\" srcset=\"https:\/\/prizila.com.br\/wp-content\/uploads\/2025\/08\/BCA2FFAE-4F1A-41C4-BAC1-F53F9541EEEA.jpg 900w, https:\/\/prizila.com.br\/wp-content\/uploads\/2025\/08\/BCA2FFAE-4F1A-41C4-BAC1-F53F9541EEEA-300x132.jpg 300w, https:\/\/prizila.com.br\/wp-content\/uploads\/2025\/08\/BCA2FFAE-4F1A-41C4-BAC1-F53F9541EEEA-768x339.jpg 768w\" sizes=\"auto, (max-width: 900px) 100vw, 900px\" \/><\/figure>\n\n\n\n<p class=\"has-text-align-left\">S\u00e3o essas percep\u00e7\u00f5es \u2014 tanto externas quanto internas \u2014 que alimentam meus processos criativos, conectando meu olhar com o ambiente e transformando experi\u00eancias cotidianas em inspira\u00e7\u00e3o para o meu trabalho.<\/p>\n\n\n\n<p class=\"has-text-align-left\">Busco trabalhar com gestos livres, pinceladas soltas e t\u00e9cnicas com esp\u00e1tula, buscando criar composi\u00e7\u00f5es que transmitam alegria, paz e contempla\u00e7\u00e3o. Exploro materiais, texturas e cores, sempre aberta a novas possibilidades e combina\u00e7\u00f5es.<\/p>\n\n\n\n<p>Acredito que a arte tamb\u00e9m tem o poder de transformar os espa\u00e7os e tocar quem a experiencia. Uma pintura pode mudar a atmosfera de um ambiente e trazer leveza ao dia a dia. Sempre me esfor\u00e7o para usar materiais de alta qualidade, garantindo cores vibrantes e duradouras.<\/p>\n\n\n\n<p>No portf\u00f3lio voc\u00ea encontra um pouco do meu trabalho. Se quiser saber mais sobre alguma obra, adquirir uma pe\u00e7a ou encomendar algo especial, fique \u00e0 vontade para entrar em contato. Ser\u00e1 um grande prazer conversar sobre arte com voc\u00ea.<\/p>\n\n\n\n<p><a href=\"https:\/\/drive.google.com\/file\/d\/1KoVESkVOzjzt5QBVEHrUpz9wcixdAfBK\/view?usp=sharing\">Click para baixar meu portfolio<\/a><\/p>\n\n\n\n<figure class=\"wp-block-gallery has-nested-images columns-default is-cropped wp-block-gallery-1 is-layout-flex wp-block-gallery-is-layout-flex\">\n<figure class=\"wp-block-image size-large\"><img loading=\"lazy\" decoding=\"async\" width=\"900\" height=\"337\" data-id=\"37\" src=\"https:\/\/prizila.com.br\/wp-content\/uploads\/2025\/08\/Sem-Titulo-30x80x4-Flores-4.jpg\" alt=\"\" class=\"wp-image-37\" srcset=\"https:\/\/prizila.com.br\/wp-content\/uploads\/2025\/08\/Sem-Titulo-30x80x4-Flores-4.jpg 900w, https:\/\/prizila.com.br\/wp-content\/uploads\/2025\/08\/Sem-Titulo-30x80x4-Flores-4-300x112.jpg 300w, https:\/\/prizila.com.br\/wp-content\/uploads\/2025\/08\/Sem-Titulo-30x80x4-Flores-4-768x288.jpg 768w\" sizes=\"auto, (max-width: 900px) 100vw, 900px\" \/><figcaption class=\"wp-element-caption\">PRISCILA DESIGNE | SEM T\u00cdTULO| 2024| \u00d3LEO SOBRE TELA | 80 x 30 x 4 cm &#8211; dispon\u00edvel como fineart<\/figcaption><\/figure>\n<\/figure>\n","protected":false},"excerpt":{"rendered":"<p>A arte sempre fez parte da minha vida. Iniciei na pintura a \u00f3leo sobre tela em 1996, e com o passar dos anos adquiri mais gosto pelas artes. Em 2015 resolvi me profissionalizar, trabalhando com \u00f3leo sobre tela e aquarela, mas tamb\u00e9m gosto de experimentar outras t\u00e9cnicas, como gravura e serigrafia. Minha inspira\u00e7\u00e3o nasce da [&hellip;]<\/p>\n","protected":false},"author":1,"featured_media":0,"parent":0,"menu_order":0,"comment_status":"closed","ping_status":"closed","template":"","meta":{"footnotes":""},"class_list":["post-36","page","type-page","status-publish","hentry"],"_links":{"self":[{"href":"https:\/\/prizila.com.br\/index.php?rest_route=\/wp\/v2\/pages\/36","targetHints":{"allow":["GET"]}}],"collection":[{"href":"https:\/\/prizila.com.br\/index.php?rest_route=\/wp\/v2\/pages"}],"about":[{"href":"https:\/\/prizila.com.br\/index.php?rest_route=\/wp\/v2\/types\/page"}],"author":[{"embeddable":true,"href":"https:\/\/prizila.com.br\/index.php?rest_route=\/wp\/v2\/users\/1"}],"replies":[{"embeddable":true,"href":"https:\/\/prizila.com.br\/index.php?rest_route=%2Fwp%2Fv2%2Fcomments&post=36"}],"version-history":[{"count":6,"href":"https:\/\/prizila.com.br\/index.php?rest_route=\/wp\/v2\/pages\/36\/revisions"}],"predecessor-version":[{"id":91,"href":"https:\/\/prizila.com.br\/index.php?rest_route=\/wp\/v2\/pages\/36\/revisions\/91"}],"wp:attachment":[{"href":"https:\/\/prizila.com.br\/index.php?rest_route=%2Fwp%2Fv2%2Fmedia&parent=36"}],"curies":[{"name":"wp","href":"https:\/\/api.w.org\/{rel}","templated":true}]}}