{"id":56,"date":"2025-08-22T22:10:25","date_gmt":"2025-08-22T22:10:25","guid":{"rendered":"https:\/\/prizila.com.br\/?page_id=56"},"modified":"2025-08-22T22:15:54","modified_gmt":"2025-08-22T22:15:54","slug":"portfolio-de-obras-disponiveis","status":"publish","type":"page","link":"https:\/\/prizila.com.br\/?page_id=56","title":{"rendered":"Portf\u00f3lio de obras dispon\u00edveis"},"content":{"rendered":"\n<div class=\"wp-block-group alignfull has-global-padding is-layout-constrained wp-block-group-is-layout-constrained\" style=\"margin-top:0;margin-bottom:0;padding-top:var(--wp--preset--spacing--50);padding-bottom:var(--wp--preset--spacing--50)\">\n<div class=\"wp-block-columns alignwide is-layout-flex wp-container-core-columns-is-layout-47c06fe3 wp-block-columns-is-layout-flex\">\n<div class=\"wp-block-column is-layout-flow wp-block-column-is-layout-flow\" style=\"flex-basis:56%\">\n<figure class=\"wp-block-image size-full\"><img loading=\"lazy\" decoding=\"async\" width=\"675\" height=\"900\" src=\"https:\/\/prizila.com.br\/wp-content\/uploads\/2025\/08\/Quadro-instalado.jpg\" alt=\"\" class=\"wp-image-71\" style=\"aspect-ratio:1;object-fit:cover\" srcset=\"https:\/\/prizila.com.br\/wp-content\/uploads\/2025\/08\/Quadro-instalado.jpg 675w, https:\/\/prizila.com.br\/wp-content\/uploads\/2025\/08\/Quadro-instalado-225x300.jpg 225w\" sizes=\"auto, (max-width: 675px) 100vw, 675px\" \/><\/figure>\n<\/div>\n\n\n\n<div class=\"wp-block-column is-vertically-aligned-center is-layout-flow wp-container-core-column-is-layout-119bc444 wp-block-column-is-layout-flow\">\n<h2 class=\"wp-block-heading\">\u00d3leo sobre tela<\/h2>\n\n\n\n<p>Clique em &#8220;Saiba mais&#8221; para ver portf\u00f3lio das obras a \u00f3leo sobre tela dispon\u00edveis.<\/p>\n\n\n\n<div class=\"wp-block-buttons is-layout-flex wp-block-buttons-is-layout-flex\">\n<div class=\"wp-block-button\"><a class=\"wp-block-button__link wp-element-button\" href=\"https:\/\/drive.google.com\/file\/d\/1KoVESkVOzjzt5QBVEHrUpz9wcixdAfBK\/view?usp=sharing\">Saiba mais<\/a><\/div>\n<\/div>\n<\/div>\n<\/div>\n<\/div>\n\n\n\n<div class=\"wp-block-group alignfull has-global-padding is-layout-constrained wp-block-group-is-layout-constrained\" style=\"margin-top:0;margin-bottom:0;padding-top:var(--wp--preset--spacing--50);padding-bottom:var(--wp--preset--spacing--50)\">\n<div class=\"wp-block-group alignwide is-layout-grid wp-container-core-group-is-layout-840b37f5 wp-block-group-is-layout-grid\">\n<div class=\"wp-block-group is-vertical is-layout-flex wp-container-core-group-is-layout-d6b9ab57 wp-block-group-is-layout-flex\">\n<h2 class=\"wp-block-heading has-x-large-font-size\">Categorias principais<\/h2>\n<\/div>\n\n\n\n<div class=\"wp-block-group is-vertical is-content-justification-stretch is-layout-flex wp-container-core-group-is-layout-353c4f5a wp-block-group-is-layout-flex\">\n<div class=\"wp-block-cover is-light\"><img loading=\"lazy\" decoding=\"async\" width=\"1024\" height=\"768\" class=\"wp-block-cover__image-background wp-image-57 size-large\" alt=\"\" src=\"https:\/\/prizila.com.br\/wp-content\/uploads\/2025\/08\/IMG_2773-1024x768.jpeg\" data-object-fit=\"cover\" srcset=\"https:\/\/prizila.com.br\/wp-content\/uploads\/2025\/08\/IMG_2773-1024x768.jpeg 1024w, https:\/\/prizila.com.br\/wp-content\/uploads\/2025\/08\/IMG_2773-300x225.jpeg 300w, https:\/\/prizila.com.br\/wp-content\/uploads\/2025\/08\/IMG_2773-768x576.jpeg 768w, https:\/\/prizila.com.br\/wp-content\/uploads\/2025\/08\/IMG_2773-1536x1152.jpeg 1536w, https:\/\/prizila.com.br\/wp-content\/uploads\/2025\/08\/IMG_2773-2048x1536.jpeg 2048w\" sizes=\"auto, (max-width: 1024px) 100vw, 1024px\" \/><span aria-hidden=\"true\" class=\"wp-block-cover__background has-background-dim-0 has-background-dim\" style=\"background-color:#979690\"><\/span><div class=\"wp-block-cover__inner-container has-global-padding is-layout-constrained wp-block-cover-is-layout-constrained\">\n<div style=\"height:var(--wp--preset--spacing--20)\" aria-hidden=\"true\" class=\"wp-block-spacer\"><\/div>\n<\/div><\/div>\n\n\n\n<p class=\"has-text-align-center\">\u00d3leo sobre Tela<\/p>\n<\/div>\n\n\n\n<div class=\"wp-block-group is-vertical is-content-justification-stretch is-layout-flex wp-container-core-group-is-layout-353c4f5a wp-block-group-is-layout-flex\">\n<div class=\"wp-block-cover is-light\"><span aria-hidden=\"true\" class=\"wp-block-cover__background has-background-dim-0 has-background-dim\" style=\"background-color:#828282\"><\/span><div class=\"wp-block-cover__inner-container has-global-padding is-layout-constrained wp-block-cover-is-layout-constrained\">\n<p><\/p>\n\n\n\n<figure class=\"wp-block-gallery has-nested-images columns-default is-cropped wp-block-gallery-1 is-layout-flex wp-block-gallery-is-layout-flex\">\n<figure class=\"wp-block-image size-large\"><img loading=\"lazy\" decoding=\"async\" width=\"900\" height=\"900\" data-id=\"59\" src=\"https:\/\/prizila.com.br\/wp-content\/uploads\/2025\/08\/Aquarela.jpg\" alt=\"\" class=\"wp-image-59\" srcset=\"https:\/\/prizila.com.br\/wp-content\/uploads\/2025\/08\/Aquarela.jpg 900w, https:\/\/prizila.com.br\/wp-content\/uploads\/2025\/08\/Aquarela-300x300.jpg 300w, https:\/\/prizila.com.br\/wp-content\/uploads\/2025\/08\/Aquarela-150x150.jpg 150w, https:\/\/prizila.com.br\/wp-content\/uploads\/2025\/08\/Aquarela-768x768.jpg 768w\" sizes=\"auto, (max-width: 900px) 100vw, 900px\" \/><\/figure>\n<\/figure>\n<\/div><\/div>\n\n\n\n<p class=\"has-text-align-center\">Aquarelas<\/p>\n<\/div>\n\n\n\n<div class=\"wp-block-group is-vertical is-content-justification-stretch is-layout-flex wp-container-core-group-is-layout-353c4f5a wp-block-group-is-layout-flex\">\n<div class=\"wp-block-cover\"><img loading=\"lazy\" decoding=\"async\" width=\"1024\" height=\"1024\" class=\"wp-block-cover__image-background wp-image-58 size-large\" alt=\"\" src=\"https:\/\/prizila.com.br\/wp-content\/uploads\/2025\/08\/Leao-Print-1024x1024.jpg\" data-object-fit=\"cover\" srcset=\"https:\/\/prizila.com.br\/wp-content\/uploads\/2025\/08\/Leao-Print-1024x1024.jpg 1024w, https:\/\/prizila.com.br\/wp-content\/uploads\/2025\/08\/Leao-Print-300x300.jpg 300w, https:\/\/prizila.com.br\/wp-content\/uploads\/2025\/08\/Leao-Print-150x150.jpg 150w, https:\/\/prizila.com.br\/wp-content\/uploads\/2025\/08\/Leao-Print-768x768.jpg 768w, https:\/\/prizila.com.br\/wp-content\/uploads\/2025\/08\/Leao-Print.jpg 1080w\" sizes=\"auto, (max-width: 1024px) 100vw, 1024px\" \/><span aria-hidden=\"true\" class=\"wp-block-cover__background has-background-dim-0 has-background-dim\" style=\"background-color:#d6bc98\"><\/span><div class=\"wp-block-cover__inner-container has-global-padding is-layout-constrained wp-block-cover-is-layout-constrained\">\n<div style=\"height:var(--wp--preset--spacing--20)\" aria-hidden=\"true\" class=\"wp-block-spacer\"><\/div>\n<\/div><\/div>\n\n\n\n<p class=\"has-text-align-center\">Print de fine art<\/p>\n<\/div>\n<\/div>\n<\/div>\n\n\n\n<div class=\"wp-block-group alignfull has-global-padding is-layout-constrained wp-block-group-is-layout-constrained\" style=\"margin-top:0;margin-bottom:0;padding-top:var(--wp--preset--spacing--50);padding-bottom:var(--wp--preset--spacing--50)\">\n<div class=\"wp-block-group alignwide is-layout-grid wp-container-core-group-is-layout-21f393a4 wp-block-group-is-layout-grid\">\n<div class=\"wp-block-group is-style-section-3 has-global-padding is-layout-constrained wp-block-group-is-layout-constrained is-style-section-3--2\" style=\"min-height:297px\">\n<div class=\"wp-block-group is-vertical is-content-justification-center is-layout-flex wp-container-core-group-is-layout-4aa192bb wp-block-group-is-layout-flex\" style=\"min-height:100%\">\n<h2 class=\"wp-block-heading has-large-font-size\">Instagram<a href=\"https:\/\/www.instagram.com\/prizila\/\" data-type=\"link\" data-id=\"https:\/\/www.instagram.com\/prizila\/\">  @prizila<\/a><\/h2>\n<\/div>\n<\/div>\n\n\n\n<figure class=\"wp-block-image size-full\"><img loading=\"lazy\" decoding=\"async\" width=\"900\" height=\"1080\" src=\"https:\/\/prizila.com.br\/wp-content\/uploads\/2025\/08\/Foto-inspiracao.jpg\" alt=\"\" class=\"wp-image-61\" style=\"aspect-ratio:1;object-fit:cover\" srcset=\"https:\/\/prizila.com.br\/wp-content\/uploads\/2025\/08\/Foto-inspiracao.jpg 900w, https:\/\/prizila.com.br\/wp-content\/uploads\/2025\/08\/Foto-inspiracao-250x300.jpg 250w, https:\/\/prizila.com.br\/wp-content\/uploads\/2025\/08\/Foto-inspiracao-853x1024.jpg 853w, https:\/\/prizila.com.br\/wp-content\/uploads\/2025\/08\/Foto-inspiracao-768x922.jpg 768w\" sizes=\"auto, (max-width: 900px) 100vw, 900px\" \/><figcaption class=\"wp-element-caption\">Fotografia by Priscila Designe<\/figcaption><\/figure>\n\n\n\n<figure class=\"wp-block-image size-full\"><img loading=\"lazy\" decoding=\"async\" width=\"900\" height=\"522\" src=\"https:\/\/prizila.com.br\/wp-content\/uploads\/2025\/08\/PROJETO-AZUL-120X70.jpg\" alt=\"\" class=\"wp-image-63\" style=\"aspect-ratio:1;object-fit:cover\" srcset=\"https:\/\/prizila.com.br\/wp-content\/uploads\/2025\/08\/PROJETO-AZUL-120X70.jpg 900w, https:\/\/prizila.com.br\/wp-content\/uploads\/2025\/08\/PROJETO-AZUL-120X70-300x174.jpg 300w, https:\/\/prizila.com.br\/wp-content\/uploads\/2025\/08\/PROJETO-AZUL-120X70-768x445.jpg 768w\" sizes=\"auto, (max-width: 900px) 100vw, 900px\" \/><\/figure>\n\n\n\n<figure class=\"wp-block-image size-full\"><img loading=\"lazy\" decoding=\"async\" width=\"900\" height=\"629\" src=\"https:\/\/prizila.com.br\/wp-content\/uploads\/2025\/08\/Sem-Titulo-100x70x4-Roxos-4.jpg\" alt=\"\" class=\"wp-image-64\" style=\"object-fit:cover\" srcset=\"https:\/\/prizila.com.br\/wp-content\/uploads\/2025\/08\/Sem-Titulo-100x70x4-Roxos-4.jpg 900w, https:\/\/prizila.com.br\/wp-content\/uploads\/2025\/08\/Sem-Titulo-100x70x4-Roxos-4-300x210.jpg 300w, https:\/\/prizila.com.br\/wp-content\/uploads\/2025\/08\/Sem-Titulo-100x70x4-Roxos-4-768x537.jpg 768w\" sizes=\"auto, (max-width: 900px) 100vw, 900px\" \/><\/figure>\n\n\n\n<figure class=\"wp-block-image size-full\"><img loading=\"lazy\" decoding=\"async\" width=\"900\" height=\"900\" src=\"https:\/\/prizila.com.br\/wp-content\/uploads\/2025\/08\/Sem-Titulo-30x30x2-preto-3.jpg\" alt=\"\" class=\"wp-image-21\" style=\"aspect-ratio:1;object-fit:cover\" srcset=\"https:\/\/prizila.com.br\/wp-content\/uploads\/2025\/08\/Sem-Titulo-30x30x2-preto-3.jpg 900w, https:\/\/prizila.com.br\/wp-content\/uploads\/2025\/08\/Sem-Titulo-30x30x2-preto-3-300x300.jpg 300w, https:\/\/prizila.com.br\/wp-content\/uploads\/2025\/08\/Sem-Titulo-30x30x2-preto-3-150x150.jpg 150w, https:\/\/prizila.com.br\/wp-content\/uploads\/2025\/08\/Sem-Titulo-30x30x2-preto-3-768x768.jpg 768w\" sizes=\"auto, (max-width: 900px) 100vw, 900px\" \/><\/figure>\n\n\n\n<figure class=\"wp-block-image size-full\"><img loading=\"lazy\" decoding=\"async\" width=\"900\" height=\"900\" src=\"https:\/\/prizila.com.br\/wp-content\/uploads\/2025\/08\/Sem-Titulo-30x30x4-4.jpg\" alt=\"\" class=\"wp-image-70\" srcset=\"https:\/\/prizila.com.br\/wp-content\/uploads\/2025\/08\/Sem-Titulo-30x30x4-4.jpg 900w, https:\/\/prizila.com.br\/wp-content\/uploads\/2025\/08\/Sem-Titulo-30x30x4-4-300x300.jpg 300w, https:\/\/prizila.com.br\/wp-content\/uploads\/2025\/08\/Sem-Titulo-30x30x4-4-150x150.jpg 150w, https:\/\/prizila.com.br\/wp-content\/uploads\/2025\/08\/Sem-Titulo-30x30x4-4-768x768.jpg 768w\" sizes=\"auto, (max-width: 900px) 100vw, 900px\" \/><\/figure>\n<\/div>\n\n\n\n<div class=\"wp-block-cover\"><img loading=\"lazy\" decoding=\"async\" width=\"900\" height=\"337\" class=\"wp-block-cover__image-background wp-image-68\" alt=\"\" src=\"https:\/\/prizila.com.br\/wp-content\/uploads\/2025\/08\/Sem-Titulo-30x80x4-Flores-5.jpg\" data-object-fit=\"cover\" srcset=\"https:\/\/prizila.com.br\/wp-content\/uploads\/2025\/08\/Sem-Titulo-30x80x4-Flores-5.jpg 900w, https:\/\/prizila.com.br\/wp-content\/uploads\/2025\/08\/Sem-Titulo-30x80x4-Flores-5-300x112.jpg 300w, https:\/\/prizila.com.br\/wp-content\/uploads\/2025\/08\/Sem-Titulo-30x80x4-Flores-5-768x288.jpg 768w\" sizes=\"auto, (max-width: 900px) 100vw, 900px\" \/><span aria-hidden=\"true\" class=\"wp-block-cover__background has-background-dim\"><\/span><div class=\"wp-block-cover__inner-container is-layout-flow wp-block-cover-is-layout-flow\">\n<p class=\"has-text-align-center has-large-font-size\">As imagens abaixo est\u00e3o dispon\u00edveis como prints de fine art.<br>Para adquirir e checar dimens\u00f5es dispon\u00edveis, chamar pelo WhatsApp.<\/p>\n<\/div><\/div>\n\n\n\n<figure class=\"wp-block-image size-full\"><img loading=\"lazy\" decoding=\"async\" width=\"900\" height=\"673\" src=\"https:\/\/prizila.com.br\/wp-content\/uploads\/2025\/08\/JPEG_DIGITALIZACAO-PRISCILA-DESIGNE_60x80.jpg\" alt=\"\" class=\"wp-image-62\" style=\"aspect-ratio:1;object-fit:cover\" srcset=\"https:\/\/prizila.com.br\/wp-content\/uploads\/2025\/08\/JPEG_DIGITALIZACAO-PRISCILA-DESIGNE_60x80.jpg 900w, https:\/\/prizila.com.br\/wp-content\/uploads\/2025\/08\/JPEG_DIGITALIZACAO-PRISCILA-DESIGNE_60x80-300x224.jpg 300w, https:\/\/prizila.com.br\/wp-content\/uploads\/2025\/08\/JPEG_DIGITALIZACAO-PRISCILA-DESIGNE_60x80-768x574.jpg 768w\" sizes=\"auto, (max-width: 900px) 100vw, 900px\" \/><\/figure>\n\n\n\n<figure class=\"wp-block-image size-full wp-container-content-69bc4bdf\"><img loading=\"lazy\" decoding=\"async\" width=\"900\" height=\"600\" src=\"https:\/\/prizila.com.br\/wp-content\/uploads\/2025\/08\/PROJETO-COLORIDO-120X80.jpg\" alt=\"\" class=\"wp-image-67\" srcset=\"https:\/\/prizila.com.br\/wp-content\/uploads\/2025\/08\/PROJETO-COLORIDO-120X80.jpg 900w, https:\/\/prizila.com.br\/wp-content\/uploads\/2025\/08\/PROJETO-COLORIDO-120X80-300x200.jpg 300w, https:\/\/prizila.com.br\/wp-content\/uploads\/2025\/08\/PROJETO-COLORIDO-120X80-768x512.jpg 768w\" sizes=\"auto, (max-width: 900px) 100vw, 900px\" \/><\/figure>\n\n\n\n<figure class=\"wp-block-gallery has-nested-images columns-default is-cropped wp-block-gallery-3 is-layout-flex wp-block-gallery-is-layout-flex\">\n<figure class=\"wp-block-image size-large\"><img loading=\"lazy\" decoding=\"async\" width=\"900\" height=\"281\" data-id=\"66\" src=\"https:\/\/prizila.com.br\/wp-content\/uploads\/2025\/08\/OBRA-2-JPEG-FINAL-1.jpg\" alt=\"\" class=\"wp-image-66\" srcset=\"https:\/\/prizila.com.br\/wp-content\/uploads\/2025\/08\/OBRA-2-JPEG-FINAL-1.jpg 900w, https:\/\/prizila.com.br\/wp-content\/uploads\/2025\/08\/OBRA-2-JPEG-FINAL-1-300x94.jpg 300w, https:\/\/prizila.com.br\/wp-content\/uploads\/2025\/08\/OBRA-2-JPEG-FINAL-1-768x240.jpg 768w\" sizes=\"auto, (max-width: 900px) 100vw, 900px\" \/><\/figure>\n<\/figure>\n\n\n\n<p>Todos os direitos reservados. Reprodu\u00e7\u00e3o das imagens proibida.<\/p>\n<\/div>\n","protected":false},"excerpt":{"rendered":"<p>\u00d3leo sobre tela Clique em &#8220;Saiba mais&#8221; para ver portf\u00f3lio das obras a \u00f3leo sobre tela dispon\u00edveis. Categorias principais \u00d3leo sobre Tela Aquarelas Print de fine art Instagram @prizila Todos os direitos reservados. Reprodu\u00e7\u00e3o das imagens proibida.<\/p>\n","protected":false},"author":1,"featured_media":0,"parent":0,"menu_order":0,"comment_status":"closed","ping_status":"closed","template":"","meta":{"footnotes":""},"class_list":["post-56","page","type-page","status-publish","hentry"],"_links":{"self":[{"href":"https:\/\/prizila.com.br\/index.php?rest_route=\/wp\/v2\/pages\/56","targetHints":{"allow":["GET"]}}],"collection":[{"href":"https:\/\/prizila.com.br\/index.php?rest_route=\/wp\/v2\/pages"}],"about":[{"href":"https:\/\/prizila.com.br\/index.php?rest_route=\/wp\/v2\/types\/page"}],"author":[{"embeddable":true,"href":"https:\/\/prizila.com.br\/index.php?rest_route=\/wp\/v2\/users\/1"}],"replies":[{"embeddable":true,"href":"https:\/\/prizila.com.br\/index.php?rest_route=%2Fwp%2Fv2%2Fcomments&post=56"}],"version-history":[{"count":5,"href":"https:\/\/prizila.com.br\/index.php?rest_route=\/wp\/v2\/pages\/56\/revisions"}],"predecessor-version":[{"id":74,"href":"https:\/\/prizila.com.br\/index.php?rest_route=\/wp\/v2\/pages\/56\/revisions\/74"}],"wp:attachment":[{"href":"https:\/\/prizila.com.br\/index.php?rest_route=%2Fwp%2Fv2%2Fmedia&parent=56"}],"curies":[{"name":"wp","href":"https:\/\/api.w.org\/{rel}","templated":true}]}}